{"id":55,"date":"2015-07-21T19:59:44","date_gmt":"2015-07-22T01:59:44","guid":{"rendered":"http:\/\/bioimageneslab.com\/wordpress\/?page_id=55"},"modified":"2015-08-19T15:10:16","modified_gmt":"2015-08-19T21:10:16","slug":"contactanos","status":"publish","type":"page","link":"http:\/\/bioimageneslab.com\/wordpress\/contactanos\/","title":{"rendered":"CONT\u00c1CTANOS"},"content":{"rendered":"<p>Correo electr\u00f3nico: bioimageneslab@gmail.com<\/p>\n<p><strong>Edificio Principal:<\/strong> Castillo s\/n y Cuenca<\/p>\n<p>Tel\u00e9fonos: 032822427 &#8211; 0999989432 &#8211; 0997455679<\/p>\n<p><strong>Sucursal<\/strong>: Bol\u00edvar y Fern\u00e1ndez.<\/p>\n<p>Tel\u00e9fono: 032821706<\/p>\n<p><strong>Facebook:\u00a0<\/strong>www.facebook.com\/bioimagenes.lab<\/p>\n<p><strong>Twitter: <\/strong>www.twitter.com\/Bioimageneslab_<\/p>\n<p>&nbsp;<\/p>\n","protected":false},"excerpt":{"rendered":"<p>Correo electr\u00f3nico: bioimageneslab@gmail.com Edificio Principal: Castillo s\/n y Cuenca Tel\u00e9fonos: 032822427 &#8211; 0999989432 &#8211; 0997455679 Sucursal: Bol\u00edvar y Fern\u00e1ndez. Tel\u00e9fono: 032821706 Facebook:\u00a0www.facebook.com\/bioimagenes.lab Twitter: www.twitter.com\/Bioimageneslab_ &nbsp;<\/p>\n","protected":false},"author":1,"featured_media":0,"parent":0,"menu_order":0,"comment_status":"closed","ping_status":"closed","template":"","meta":{"footnotes":""},"class_list":["post-55","page","type-page","status-publish","hentry"],"_links":{"self":[{"href":"http:\/\/bioimageneslab.com\/wordpress\/wp-json\/wp\/v2\/pages\/55","targetHints":{"allow":["GET"]}}],"collection":[{"href":"http:\/\/bioimageneslab.com\/wordpress\/wp-json\/wp\/v2\/pages"}],"about":[{"href":"http:\/\/bioimageneslab.com\/wordpress\/wp-json\/wp\/v2\/types\/page"}],"author":[{"embeddable":true,"href":"http:\/\/bioimageneslab.com\/wordpress\/wp-json\/wp\/v2\/users\/1"}],"replies":[{"embeddable":true,"href":"http:\/\/bioimageneslab.com\/wordpress\/wp-json\/wp\/v2\/comments?post=55"}],"version-history":[{"count":3,"href":"http:\/\/bioimageneslab.com\/wordpress\/wp-json\/wp\/v2\/pages\/55\/revisions"}],"predecessor-version":[{"id":131,"href":"http:\/\/bioimageneslab.com\/wordpress\/wp-json\/wp\/v2\/pages\/55\/revisions\/131"}],"wp:attachment":[{"href":"http:\/\/bioimageneslab.com\/wordpress\/wp-json\/wp\/v2\/media?parent=55"}],"curies":[{"name":"wp","href":"https:\/\/api.w.org\/{rel}","templated":true}]}}