{"id":51,"date":"2015-07-21T19:59:19","date_gmt":"2015-07-22T01:59:19","guid":{"rendered":"http:\/\/bioimageneslab.com\/wordpress\/?page_id=51"},"modified":"2015-08-19T12:24:18","modified_gmt":"2015-08-19T18:24:18","slug":"intervencionismo","status":"publish","type":"page","link":"http:\/\/bioimageneslab.com\/wordpress\/intervencionismo\/","title":{"rendered":"INTERVENCIONISMO"},"content":{"rendered":"<p><strong>Radiolog\u00eda Intervencional <\/strong><\/p>\n<p style=\"text-align: justify;\"><strong>La Radiolog\u00eda Intervencional<\/strong> es un \u00e1rea de la radiolog\u00eda de gran desarrollo durante los \u00faltimos a\u00f1os, que permite realizar procedimientos diagn\u00f3sticos y terap\u00e9uticos en diferentes patolog\u00edas para visi\u00f3n directa y m\u00ednimamente invasivos. Esta disciplina ha tenido un impulso notable en el \u00faltimo tiempo debido al desarrollo de procedimientos guiados por Ultrasonido, \u00a0Tomograf\u00eda computada y\/o radioscopia y adem\u00e1s por la incorporaci\u00f3n de nuevos instrumentos, cada vez m\u00e1s espec\u00edficos para acceder a las lesiones (gu\u00edas, cat\u00e9teres, balones, agujas de biopsia, etc.).<\/p>\n<p style=\"text-align: justify;\"><strong>Los Radi\u00f3logos Intervencionales<\/strong>, profesionales especializados con el concurso de otros especialistas multidisciplinarios (anestesistas, tecn\u00f3logos m\u00e9dicos, enfermeras) y auxiliares, realizan estos procedimientos con <strong>t\u00e9cnicas m\u00ednimamente invasivas<\/strong> y con el apoyo de la m\u00e1s alta tecnolog\u00eda. Algunos de estos procedimientos requieren de una corta hospitalizaci\u00f3n, sin embargo, otros se realizan en forma ambulatoria.<\/p>\n<p><strong>Procedimientos que se realizan:<\/strong><\/p>\n<ul>\n<li><a href=\"http:\/\/bioimageneslab.com\/wordpress\/?p=94\" target=\"_blank\">PUNCIONES (PAAF)<\/a><\/li>\n<li><a href=\"http:\/\/bioimageneslab.com\/wordpress\/?p=107\" target=\"_blank\">BIOPSIAS<\/a><\/li>\n<li><a href=\"http:\/\/bioimageneslab.com\/wordpress\/?p=113\" target=\"_blank\">DRENAJES<\/a><\/li>\n<li><a href=\"http:\/\/bioimageneslab.com\/wordpress\/?p=116\" target=\"_blank\">NEFROSTOM\u00cdA<\/a><\/li>\n<li><a href=\"http:\/\/bioimageneslab.com\/wordpress\/?p=120\" target=\"_blank\">PARACENTESIS<\/a><\/li>\n<li><a href=\"http:\/\/bioimageneslab.com\/wordpress\/?p=123\" target=\"_blank\">TORACOCENTESIS<\/a><\/li>\n<\/ul>\n","protected":false},"excerpt":{"rendered":"<p>Radiolog\u00eda Intervencional La Radiolog\u00eda Intervencional es un \u00e1rea de la radiolog\u00eda de gran desarrollo durante los \u00faltimos a\u00f1os, que permite realizar procedimientos diagn\u00f3sticos y terap\u00e9uticos en diferentes patolog\u00edas para visi\u00f3n directa y m\u00ednimamente invasivos. Esta disciplina ha tenido un impulso&#8230;<br \/><a class=\"read-more-button\" href=\"http:\/\/bioimageneslab.com\/wordpress\/intervencionismo\/\">Leer m\u00e1s<\/a><\/p>\n","protected":false},"author":1,"featured_media":0,"parent":0,"menu_order":0,"comment_status":"closed","ping_status":"closed","template":"","meta":{"footnotes":""},"class_list":["post-51","page","type-page","status-publish","hentry"],"_links":{"self":[{"href":"http:\/\/bioimageneslab.com\/wordpress\/wp-json\/wp\/v2\/pages\/51","targetHints":{"allow":["GET"]}}],"collection":[{"href":"http:\/\/bioimageneslab.com\/wordpress\/wp-json\/wp\/v2\/pages"}],"about":[{"href":"http:\/\/bioimageneslab.com\/wordpress\/wp-json\/wp\/v2\/types\/page"}],"author":[{"embeddable":true,"href":"http:\/\/bioimageneslab.com\/wordpress\/wp-json\/wp\/v2\/users\/1"}],"replies":[{"embeddable":true,"href":"http:\/\/bioimageneslab.com\/wordpress\/wp-json\/wp\/v2\/comments?post=51"}],"version-history":[{"count":10,"href":"http:\/\/bioimageneslab.com\/wordpress\/wp-json\/wp\/v2\/pages\/51\/revisions"}],"predecessor-version":[{"id":125,"href":"http:\/\/bioimageneslab.com\/wordpress\/wp-json\/wp\/v2\/pages\/51\/revisions\/125"}],"wp:attachment":[{"href":"http:\/\/bioimageneslab.com\/wordpress\/wp-json\/wp\/v2\/media?parent=51"}],"curies":[{"name":"wp","href":"https:\/\/api.w.org\/{rel}","templated":true}]}}