{"id":43,"date":"2015-07-21T19:57:14","date_gmt":"2015-07-22T01:57:14","guid":{"rendered":"http:\/\/bioimageneslab.com\/wordpress\/?page_id=43"},"modified":"2015-08-25T11:20:57","modified_gmt":"2015-08-25T17:20:57","slug":"mision","status":"publish","type":"page","link":"http:\/\/bioimageneslab.com\/wordpress\/mision\/","title":{"rendered":"MISI\u00d3N &#8211; VISI\u00d3N"},"content":{"rendered":"<p><strong>MISI\u00d3N\u00a0<\/strong><\/p>\n<p>Bioimagenes es una entidad fundamentada en principios de integridad moral y \u00e9tica profesional al servicio de la sociedad.<\/p>\n<p>Sirviendo de enlace diagn\u00f3stico entre el m\u00e9dico y su paciente, siempre protegiendo con absoluta discreci\u00f3n al paciente, su padecimiento y respetando al m\u00e9dico que lo env\u00eda.<\/p>\n<p><strong>VISI\u00d3N<\/strong><\/p>\n<p style=\"text-align: justify;\">Brindar apoyo a los m\u00e9dicos para que puedan contar con mejores instrumentos diagn\u00f3sticos\u00a0y beneficiar a sus pacientes encontrando si es posible con ello, la causa de su padecimiento.<\/p>\n<p style=\"text-align: justify;\">Mantener nuestro servicio siempre a nivel de excelencia,\u00a0con equipos modernos y con tecnolog\u00eda de vanguardia.<\/p>\n","protected":false},"excerpt":{"rendered":"<p>MISI\u00d3N\u00a0 Bioimagenes es una entidad fundamentada en principios de integridad moral y \u00e9tica profesional al servicio de la sociedad. Sirviendo de enlace diagn\u00f3stico entre el m\u00e9dico y su paciente, siempre protegiendo con absoluta discreci\u00f3n al paciente, su padecimiento y respetando&#8230;<br \/><a class=\"read-more-button\" href=\"http:\/\/bioimageneslab.com\/wordpress\/mision\/\">Leer m\u00e1s<\/a><\/p>\n","protected":false},"author":1,"featured_media":0,"parent":0,"menu_order":0,"comment_status":"closed","ping_status":"closed","template":"","meta":{"footnotes":""},"class_list":["post-43","page","type-page","status-publish","hentry"],"_links":{"self":[{"href":"http:\/\/bioimageneslab.com\/wordpress\/wp-json\/wp\/v2\/pages\/43","targetHints":{"allow":["GET"]}}],"collection":[{"href":"http:\/\/bioimageneslab.com\/wordpress\/wp-json\/wp\/v2\/pages"}],"about":[{"href":"http:\/\/bioimageneslab.com\/wordpress\/wp-json\/wp\/v2\/types\/page"}],"author":[{"embeddable":true,"href":"http:\/\/bioimageneslab.com\/wordpress\/wp-json\/wp\/v2\/users\/1"}],"replies":[{"embeddable":true,"href":"http:\/\/bioimageneslab.com\/wordpress\/wp-json\/wp\/v2\/comments?post=43"}],"version-history":[{"count":9,"href":"http:\/\/bioimageneslab.com\/wordpress\/wp-json\/wp\/v2\/pages\/43\/revisions"}],"predecessor-version":[{"id":173,"href":"http:\/\/bioimageneslab.com\/wordpress\/wp-json\/wp\/v2\/pages\/43\/revisions\/173"}],"wp:attachment":[{"href":"http:\/\/bioimageneslab.com\/wordpress\/wp-json\/wp\/v2\/media?parent=43"}],"curies":[{"name":"wp","href":"https:\/\/api.w.org\/{rel}","templated":true}]}}