{"id":209,"date":"2015-09-10T08:37:36","date_gmt":"2015-09-10T14:37:36","guid":{"rendered":"http:\/\/bioimageneslab.com\/wordpress\/?page_id=209"},"modified":"2015-09-10T08:37:36","modified_gmt":"2015-09-10T14:37:36","slug":"ecografia-2","status":"publish","type":"page","link":"http:\/\/bioimageneslab.com\/wordpress\/ecografia-2\/","title":{"rendered":"ECOGRAF\u00cdA"},"content":{"rendered":"<p style=\"text-align: center;\"><strong>Unidad de Ecograf\u00eda<\/strong><\/p>\n<p style=\"text-align: justify;\">Es un m\u00e9todo de diagn\u00f3stico basado en la utilizaci\u00f3n de ultrasonido de alta frecuencia para obtener las im\u00e1genes. Con esta t\u00e9cnica es posible estudiar gran parte de las estructuras del cuerpo, con limitaci\u00f3n en hueso y \u00f3rganos que contienen aire. Es un procedimiento no invasivo, indoloro y que no utiliza radiaci\u00f3n ni medios de contraste.<\/p>\n<p>Ecograf\u00edas simples:<\/p>\n<p>\u2022 Ecograf\u00eda Obst\u00e9trica<\/p>\n<p style=\"text-align: center;\"><a href=\"http:\/\/bioimageneslab.com\/wordpress\/wp-content\/uploads\/2015\/07\/volu.gif\"><img loading=\"lazy\" decoding=\"async\" class=\"alignnone  wp-image-159\" src=\"http:\/\/bioimageneslab.com\/wordpress\/wp-content\/uploads\/2015\/07\/volu.gif\" alt=\"volu\" width=\"266\" height=\"201\" \/><\/a><\/p>\n<p>\u2022 Ecograf\u00eda Abdominal<\/p>\n<p>\u2022 Ecograf\u00eda Pelviana (masculina o ginecol\u00f3gica)<\/p>\n<p>\u2022 Ecograf\u00eda Tiroides<\/p>\n<p>\u2022 Ecograf\u00eda Testicular<\/p>\n<p>\u2022 Ecograf\u00eda Mamaria<\/p>\n<p>\u2022 Ecograf\u00eda Transrectal de Pr\u00f3stata<\/p>\n<p>\u2022 Ecograf\u00eda Transvaginal<\/p>\n<p>\u2022 Ecograf\u00eda Partes Blandas Musculoesquel\u00e9tica (muscular, hombro, codo, mu\u00f1eca, mano, dedos, cadera, rodilla, tobillo, etc.<\/p>\n<p>Ecograf\u00eda vascular Doppler: Estudio de flujos sangu\u00edneos y vascularizaci\u00f3n de \u00f3rganos.<\/p>\n<p>\u2022 Doppler carotideo<\/p>\n<p>\u2022 Doppler renal<\/p>\n<p>\u2022 Doppler abdominal<\/p>\n<p>\u2022 Doppler testicular<\/p>\n<p>\u2022 Doppler vascular perif\u00e9rico arterial y venoso<\/p>\n<p>\u2022 Doppler mapeo venoso de extremidades inferiores<\/p>\n<p>\u2022 Doppler mapeo venoso de extremidades inferiores<\/p>\n","protected":false},"excerpt":{"rendered":"<p>Unidad de Ecograf\u00eda Es un m\u00e9todo de diagn\u00f3stico basado en la utilizaci\u00f3n de ultrasonido de alta frecuencia para obtener las im\u00e1genes. Con esta t\u00e9cnica es posible estudiar gran parte de las estructuras del cuerpo, con limitaci\u00f3n en hueso y \u00f3rganos&#8230;<br \/><a class=\"read-more-button\" href=\"http:\/\/bioimageneslab.com\/wordpress\/ecografia-2\/\">Leer m\u00e1s<\/a><\/p>\n","protected":false},"author":1,"featured_media":0,"parent":0,"menu_order":0,"comment_status":"closed","ping_status":"closed","template":"","meta":{"footnotes":""},"class_list":["post-209","page","type-page","status-publish","hentry"],"_links":{"self":[{"href":"http:\/\/bioimageneslab.com\/wordpress\/wp-json\/wp\/v2\/pages\/209","targetHints":{"allow":["GET"]}}],"collection":[{"href":"http:\/\/bioimageneslab.com\/wordpress\/wp-json\/wp\/v2\/pages"}],"about":[{"href":"http:\/\/bioimageneslab.com\/wordpress\/wp-json\/wp\/v2\/types\/page"}],"author":[{"embeddable":true,"href":"http:\/\/bioimageneslab.com\/wordpress\/wp-json\/wp\/v2\/users\/1"}],"replies":[{"embeddable":true,"href":"http:\/\/bioimageneslab.com\/wordpress\/wp-json\/wp\/v2\/comments?post=209"}],"version-history":[{"count":1,"href":"http:\/\/bioimageneslab.com\/wordpress\/wp-json\/wp\/v2\/pages\/209\/revisions"}],"predecessor-version":[{"id":210,"href":"http:\/\/bioimageneslab.com\/wordpress\/wp-json\/wp\/v2\/pages\/209\/revisions\/210"}],"wp:attachment":[{"href":"http:\/\/bioimageneslab.com\/wordpress\/wp-json\/wp\/v2\/media?parent=209"}],"curies":[{"name":"wp","href":"https:\/\/api.w.org\/{rel}","templated":true}]}}