{"id":200,"date":"2015-09-10T08:16:35","date_gmt":"2015-09-10T14:16:35","guid":{"rendered":"http:\/\/bioimageneslab.com\/wordpress\/?page_id=200"},"modified":"2015-09-10T08:35:32","modified_gmt":"2015-09-10T14:35:32","slug":"densitometria","status":"publish","type":"page","link":"http:\/\/bioimageneslab.com\/wordpress\/densitometria\/","title":{"rendered":"DENSITOMETR\u00cdA"},"content":{"rendered":"<p style=\"text-align: center;\"><strong>Unidad de Densitometr\u00eda<\/strong><\/p>\n<p style=\"text-align: justify;\">La densitometr\u00eda es un examen que sirve para detectar Osteoporosis. Se realiza en Densit\u00f3metro \u00d3seo, el cual, por medio de un haz de Rayos X, permite medir la Densidad Mineral \u00d3sea. Generalmente se realiza en Antebrazo. Columna lumbar. F\u00e9mur. Densitometr\u00eda pedi\u00e1trica Morfometr\u00eda de columna lateral.<\/p>\n<p style=\"text-align: center;\"><a href=\"http:\/\/bioimageneslab.com\/wordpress\/wp-content\/uploads\/2015\/07\/densito.jpg\"><img loading=\"lazy\" decoding=\"async\" class=\"alignnone size-full wp-image-162\" src=\"http:\/\/bioimageneslab.com\/wordpress\/wp-content\/uploads\/2015\/07\/densito.jpg\" alt=\"densito\" width=\"376\" height=\"620\" srcset=\"http:\/\/bioimageneslab.com\/wordpress\/wp-content\/uploads\/2015\/07\/densito.jpg 376w, http:\/\/bioimageneslab.com\/wordpress\/wp-content\/uploads\/2015\/07\/densito-182x300.jpg 182w\" sizes=\"auto, (max-width: 376px) 100vw, 376px\" \/><\/a><\/p>\n","protected":false},"excerpt":{"rendered":"<p>Unidad de Densitometr\u00eda La densitometr\u00eda es un examen que sirve para detectar Osteoporosis. Se realiza en Densit\u00f3metro \u00d3seo, el cual, por medio de un haz de Rayos X, permite medir la Densidad Mineral \u00d3sea. Generalmente se realiza en Antebrazo. Columna&#8230;<br \/><a class=\"read-more-button\" href=\"http:\/\/bioimageneslab.com\/wordpress\/densitometria\/\">Leer m\u00e1s<\/a><\/p>\n","protected":false},"author":1,"featured_media":0,"parent":0,"menu_order":0,"comment_status":"closed","ping_status":"closed","template":"","meta":{"footnotes":""},"class_list":["post-200","page","type-page","status-publish","hentry"],"_links":{"self":[{"href":"http:\/\/bioimageneslab.com\/wordpress\/wp-json\/wp\/v2\/pages\/200","targetHints":{"allow":["GET"]}}],"collection":[{"href":"http:\/\/bioimageneslab.com\/wordpress\/wp-json\/wp\/v2\/pages"}],"about":[{"href":"http:\/\/bioimageneslab.com\/wordpress\/wp-json\/wp\/v2\/types\/page"}],"author":[{"embeddable":true,"href":"http:\/\/bioimageneslab.com\/wordpress\/wp-json\/wp\/v2\/users\/1"}],"replies":[{"embeddable":true,"href":"http:\/\/bioimageneslab.com\/wordpress\/wp-json\/wp\/v2\/comments?post=200"}],"version-history":[{"count":2,"href":"http:\/\/bioimageneslab.com\/wordpress\/wp-json\/wp\/v2\/pages\/200\/revisions"}],"predecessor-version":[{"id":206,"href":"http:\/\/bioimageneslab.com\/wordpress\/wp-json\/wp\/v2\/pages\/200\/revisions\/206"}],"wp:attachment":[{"href":"http:\/\/bioimageneslab.com\/wordpress\/wp-json\/wp\/v2\/media?parent=200"}],"curies":[{"name":"wp","href":"https:\/\/api.w.org\/{rel}","templated":true}]}}