{"id":198,"date":"2015-09-10T08:15:50","date_gmt":"2015-09-10T14:15:50","guid":{"rendered":"http:\/\/bioimageneslab.com\/wordpress\/?page_id=198"},"modified":"2015-09-10T08:36:01","modified_gmt":"2015-09-10T14:36:01","slug":"mamografia","status":"publish","type":"page","link":"http:\/\/bioimageneslab.com\/wordpress\/mamografia\/","title":{"rendered":"MAMOGRAF\u00cdA"},"content":{"rendered":"<p style=\"text-align: center;\"><strong>Unidad de Mamograf\u00eda<\/strong><\/p>\n<p style=\"text-align: justify;\">La mamograf\u00eda es un examen en el que se obtienen im\u00e1genes de muy alta definici\u00f3n de las mamas por medio de Rayos X. El objetivo de este examen es la detecci\u00f3n precoz del c\u00e1ncer mamario. La unidad de Mamograf\u00eda posee un mam\u00f3grafo de alta calidad que son operados por tecn\u00f3logas m\u00e9dicos especializadas en esta disciplina. Incorporando un moderno sistema de digitalizaci\u00f3n para Mamograf\u00eda. La adquisici\u00f3n se realiza con tecnolog\u00eda digital, obteni\u00e9ndose im\u00e1genes de alta calidad para que Radi\u00f3logos especializados interpreten con mejores herramientas diagn\u00f3sticas el examen.<\/p>\n<p style=\"text-align: justify;\"><a href=\"http:\/\/bioimageneslab.com\/wordpress\/wp-content\/uploads\/2015\/07\/MAMOGRAFIA-1.jpg\"><img loading=\"lazy\" decoding=\"async\" class=\"  wp-image-160 aligncenter\" src=\"http:\/\/bioimageneslab.com\/wordpress\/wp-content\/uploads\/2015\/07\/MAMOGRAFIA-1.jpg\" alt=\"MAMOGRAFIA 1\" width=\"352\" height=\"441\" srcset=\"http:\/\/bioimageneslab.com\/wordpress\/wp-content\/uploads\/2015\/07\/MAMOGRAFIA-1.jpg 630w, http:\/\/bioimageneslab.com\/wordpress\/wp-content\/uploads\/2015\/07\/MAMOGRAFIA-1-239x300.jpg 239w\" sizes=\"auto, (max-width: 352px) 100vw, 352px\" \/><\/a><img loading=\"lazy\" decoding=\"async\" class=\"  wp-image-161 aligncenter\" src=\"http:\/\/bioimageneslab.com\/wordpress\/wp-content\/uploads\/2015\/07\/MAMOGRAFIA-2.jpg\" alt=\"MAMOGRAFIA 2\" width=\"344\" height=\"440\" srcset=\"http:\/\/bioimageneslab.com\/wordpress\/wp-content\/uploads\/2015\/07\/MAMOGRAFIA-2.jpg 625w, http:\/\/bioimageneslab.com\/wordpress\/wp-content\/uploads\/2015\/07\/MAMOGRAFIA-2-234x300.jpg 234w\" sizes=\"auto, (max-width: 344px) 100vw, 344px\" \/><\/p>\n","protected":false},"excerpt":{"rendered":"<p>Unidad de Mamograf\u00eda La mamograf\u00eda es un examen en el que se obtienen im\u00e1genes de muy alta definici\u00f3n de las mamas por medio de Rayos X. El objetivo de este examen es la detecci\u00f3n precoz del c\u00e1ncer mamario. La unidad&#8230;<br \/><a class=\"read-more-button\" href=\"http:\/\/bioimageneslab.com\/wordpress\/mamografia\/\">Leer m\u00e1s<\/a><\/p>\n","protected":false},"author":1,"featured_media":0,"parent":0,"menu_order":0,"comment_status":"closed","ping_status":"closed","template":"","meta":{"footnotes":""},"class_list":["post-198","page","type-page","status-publish","hentry"],"_links":{"self":[{"href":"http:\/\/bioimageneslab.com\/wordpress\/wp-json\/wp\/v2\/pages\/198","targetHints":{"allow":["GET"]}}],"collection":[{"href":"http:\/\/bioimageneslab.com\/wordpress\/wp-json\/wp\/v2\/pages"}],"about":[{"href":"http:\/\/bioimageneslab.com\/wordpress\/wp-json\/wp\/v2\/types\/page"}],"author":[{"embeddable":true,"href":"http:\/\/bioimageneslab.com\/wordpress\/wp-json\/wp\/v2\/users\/1"}],"replies":[{"embeddable":true,"href":"http:\/\/bioimageneslab.com\/wordpress\/wp-json\/wp\/v2\/comments?post=198"}],"version-history":[{"count":2,"href":"http:\/\/bioimageneslab.com\/wordpress\/wp-json\/wp\/v2\/pages\/198\/revisions"}],"predecessor-version":[{"id":207,"href":"http:\/\/bioimageneslab.com\/wordpress\/wp-json\/wp\/v2\/pages\/198\/revisions\/207"}],"wp:attachment":[{"href":"http:\/\/bioimageneslab.com\/wordpress\/wp-json\/wp\/v2\/media?parent=198"}],"curies":[{"name":"wp","href":"https:\/\/api.w.org\/{rel}","templated":true}]}}