{"id":196,"date":"2015-09-10T08:15:24","date_gmt":"2015-09-10T14:15:24","guid":{"rendered":"http:\/\/bioimageneslab.com\/wordpress\/?page_id=196"},"modified":"2015-09-10T10:03:37","modified_gmt":"2015-09-10T16:03:37","slug":"radiografia","status":"publish","type":"page","link":"http:\/\/bioimageneslab.com\/wordpress\/radiografia\/","title":{"rendered":"RADIOGRAF\u00cdA"},"content":{"rendered":"<p style=\"text-align: center;\"><strong>Unidad Radiolog\u00eda Convencional Adultos y Ni\u00f1os<\/strong><\/p>\n<p style=\"text-align: justify;\">Los ex\u00e1menes son realizados por Tecn\u00f3logos M\u00e9dicos y posteriormente el M\u00e9dico Radi\u00f3logo analiza las im\u00e1genes y emite un informe.<\/p>\n<p style=\"text-align: center;\"><a href=\"http:\/\/bioimageneslab.com\/wordpress\/wp-content\/uploads\/2015\/09\/1.jpg\"><img loading=\"lazy\" decoding=\"async\" class=\"alignnone  wp-image-214\" src=\"http:\/\/bioimageneslab.com\/wordpress\/wp-content\/uploads\/2015\/09\/1.jpg\" alt=\"1\" width=\"503\" height=\"620\" srcset=\"http:\/\/bioimageneslab.com\/wordpress\/wp-content\/uploads\/2015\/09\/1.jpg 2586w, http:\/\/bioimageneslab.com\/wordpress\/wp-content\/uploads\/2015\/09\/1-243x300.jpg 243w, http:\/\/bioimageneslab.com\/wordpress\/wp-content\/uploads\/2015\/09\/1-831x1024.jpg 831w, http:\/\/bioimageneslab.com\/wordpress\/wp-content\/uploads\/2015\/09\/1-1170x1442.jpg 1170w\" sizes=\"auto, (max-width: 503px) 100vw, 503px\" \/><\/a><\/p>\n<p style=\"text-align: justify;\">Con tecnolog\u00eda de punta y siempre a la vanguardia, cuenta con sistemas digitales que permiten que las im\u00e1genes radiogr\u00e1ficas sean archivadas en servidores que permiten que estas im\u00e1genes puedan ser consultadas y comparadas a\u00f1os despu\u00e9s, brindando adem\u00e1s la mejor calidad de imagen, m\u00e1s seguridad y accesibilidad permanente. Adem\u00e1s, contamos con equipos de Radiolog\u00eda digital para obtener im\u00e1genes de gran calidad y con menor dosis de radiaci\u00f3n en nuestros pacientes. As\u00ed tambi\u00e9n, para mejorar los tiempos de distribuci\u00f3n, el paciente puede solicitar el env\u00edo de las im\u00e1genes digitales por correo electr\u00f3nico.<\/p>\n<p style=\"text-align: justify;\">Radiolog\u00eda Convencional Simple: Son las radiograf\u00edas comunes, que no necesitan ninguna preparaci\u00f3n especial y no requieren tomar hora.<\/p>\n<p>\u2022 Radiograf\u00eda de T\u00f3rax<\/p>\n<p style=\"text-align: center;\"><a href=\"http:\/\/bioimageneslab.com\/wordpress\/wp-content\/uploads\/2015\/07\/T\u00f3rax.jpg\"><img loading=\"lazy\" decoding=\"async\" class=\"alignnone  wp-image-152\" src=\"http:\/\/bioimageneslab.com\/wordpress\/wp-content\/uploads\/2015\/07\/T\u00f3rax.jpg\" alt=\"T\u00f3rax\" width=\"329\" height=\"260\" srcset=\"http:\/\/bioimageneslab.com\/wordpress\/wp-content\/uploads\/2015\/07\/T\u00f3rax.jpg 784w, http:\/\/bioimageneslab.com\/wordpress\/wp-content\/uploads\/2015\/07\/T\u00f3rax-300x237.jpg 300w\" sizes=\"auto, (max-width: 329px) 100vw, 329px\" \/><\/a><\/p>\n<p>\u2022 Radiograf\u00eda osteoarticular (Brazo, Codo, Mu\u00f1eca, Pie, Mano, Tobillo, Hombro, F\u00e9mur, Rodilla, Pierna , H\u00famero)<\/p>\n<p style=\"text-align: center;\"><a href=\"http:\/\/bioimageneslab.com\/wordpress\/wp-content\/uploads\/2015\/07\/RX-PIE-Y-TOBILLO-1.jpg\"><img loading=\"lazy\" decoding=\"async\" class=\"alignnone  wp-image-153\" src=\"http:\/\/bioimageneslab.com\/wordpress\/wp-content\/uploads\/2015\/07\/RX-PIE-Y-TOBILLO-1.jpg\" alt=\"RX PIE Y TOBILLO\" width=\"357\" height=\"299\" srcset=\"http:\/\/bioimageneslab.com\/wordpress\/wp-content\/uploads\/2015\/07\/RX-PIE-Y-TOBILLO-1.jpg 793w, http:\/\/bioimageneslab.com\/wordpress\/wp-content\/uploads\/2015\/07\/RX-PIE-Y-TOBILLO-1-300x251.jpg 300w\" sizes=\"auto, (max-width: 357px) 100vw, 357px\" \/><\/a><\/p>\n<p>\u2022 Radiograf\u00eda de Columna (cervical, dorsal, lumbosacra)<\/p>\n<p style=\"text-align: center;\"><a href=\"http:\/\/bioimageneslab.com\/wordpress\/wp-content\/uploads\/2015\/07\/columna1.jpg\"><img loading=\"lazy\" decoding=\"async\" class=\"alignnone  wp-image-155\" src=\"http:\/\/bioimageneslab.com\/wordpress\/wp-content\/uploads\/2015\/07\/columna1.jpg\" alt=\"columna\" width=\"366\" height=\"435\" srcset=\"http:\/\/bioimageneslab.com\/wordpress\/wp-content\/uploads\/2015\/07\/columna1.jpg 669w, http:\/\/bioimageneslab.com\/wordpress\/wp-content\/uploads\/2015\/07\/columna1-252x300.jpg 252w\" sizes=\"auto, (max-width: 366px) 100vw, 366px\" \/><\/a><\/p>\n<p>\u2022 Radiograf\u00eda de Columna Total<\/p>\n<p>\u2022 Radiograf\u00eda de Pelvis<\/p>\n<p style=\"text-align: center;\"><a href=\"http:\/\/bioimageneslab.com\/wordpress\/wp-content\/uploads\/2015\/07\/CADERA.jpg\"><img loading=\"lazy\" decoding=\"async\" class=\"alignnone  wp-image-156\" src=\"http:\/\/bioimageneslab.com\/wordpress\/wp-content\/uploads\/2015\/07\/CADERA.jpg\" alt=\"CADERA\" width=\"363\" height=\"308\" srcset=\"http:\/\/bioimageneslab.com\/wordpress\/wp-content\/uploads\/2015\/07\/CADERA.jpg 792w, http:\/\/bioimageneslab.com\/wordpress\/wp-content\/uploads\/2015\/07\/CADERA-300x254.jpg 300w\" sizes=\"auto, (max-width: 363px) 100vw, 363px\" \/><\/a><\/p>\n<p>\u2022 Radiograf\u00eda de Articulaciones Sacroil\u00edacas<\/p>\n<p>\u2022 Radiograf\u00eda de Cr\u00e1neo<\/p>\n<p>\u2022 Radiograf\u00eda de Cara, Cavidades perinasales, Huesos propios, Malar, Maxilar.<\/p>\n<p style=\"text-align: center;\"><a href=\"http:\/\/bioimageneslab.com\/wordpress\/wp-content\/uploads\/2015\/07\/LAURA-LOPEZ-PANORAMICA-DENTAL.jpg\"><img loading=\"lazy\" decoding=\"async\" class=\"alignnone  wp-image-171\" src=\"http:\/\/bioimageneslab.com\/wordpress\/wp-content\/uploads\/2015\/07\/LAURA-LOPEZ-PANORAMICA-DENTAL.jpg\" alt=\"LAURA LOPEZ PANORAMICA DENTAL\" width=\"358\" height=\"427\" srcset=\"http:\/\/bioimageneslab.com\/wordpress\/wp-content\/uploads\/2015\/07\/LAURA-LOPEZ-PANORAMICA-DENTAL.jpg 668w, http:\/\/bioimageneslab.com\/wordpress\/wp-content\/uploads\/2015\/07\/LAURA-LOPEZ-PANORAMICA-DENTAL-251x300.jpg 251w\" sizes=\"auto, (max-width: 358px) 100vw, 358px\" \/><\/a><\/p>\n<p>\u2022 Radiograf\u00eda de Cavum rinofar\u00edngeo.<\/p>\n<p>\u2022 Radiograf\u00eda de Abdomen.<\/p>\n<p>\u2022 Otras proyecciones Rx especiales.<\/p>\n<p style=\"text-align: justify;\">Radiolog\u00eda Convencional Contrastada: Son ex\u00e1menes que requieren preparaci\u00f3n del paciente, la que influye significativamente en el resultado del examen. Es necesario administrar un medio de contraste por v\u00eda oral, intravenosa o intracavitaria (dependiendo del examen), el cual permite visualizar de mejor forma las estructuras que se desean estudiar.<\/p>\n<p>\u2022 Pielograf\u00eda de eliminaci\u00f3n<\/p>\n<p>\u2022 Tr\u00e1nsito esof\u00e1gico<\/p>\n<p>\u2022 Estudio de es\u00f3fago, est\u00f3mago, duodeno<\/p>\n<p>\u2022 Estudio de intestino delgado<\/p>\n<p>\u2022 Tr\u00e1nsito intestinal con marcadores<\/p>\n<p style=\"text-align: center;\"><a href=\"http:\/\/bioimageneslab.com\/wordpress\/wp-content\/uploads\/2015\/07\/TRANSITO-INTESTINAL.png\"><img loading=\"lazy\" decoding=\"async\" class=\"alignnone  wp-image-158\" src=\"http:\/\/bioimageneslab.com\/wordpress\/wp-content\/uploads\/2015\/07\/TRANSITO-INTESTINAL.png\" alt=\"TRANSITO INTESTINAL\" width=\"380\" height=\"454\" srcset=\"http:\/\/bioimageneslab.com\/wordpress\/wp-content\/uploads\/2015\/07\/TRANSITO-INTESTINAL.png 668w, http:\/\/bioimageneslab.com\/wordpress\/wp-content\/uploads\/2015\/07\/TRANSITO-INTESTINAL-251x300.png 251w\" sizes=\"auto, (max-width: 380px) 100vw, 380px\" \/><\/a><\/p>\n<p>\u2022 Enema Baritada de doble contraste<\/p>\n<p>\u2022 Uretrocistograf\u00eda<\/p>\n<p>\u2022 Fistulograf\u00eda<\/p>\n<p>\u2022 Histerosalpingograf\u00eda<\/p>\n","protected":false},"excerpt":{"rendered":"<p>Unidad Radiolog\u00eda Convencional Adultos y Ni\u00f1os Los ex\u00e1menes son realizados por Tecn\u00f3logos M\u00e9dicos y posteriormente el M\u00e9dico Radi\u00f3logo analiza las im\u00e1genes y emite un informe. Con tecnolog\u00eda de punta y siempre a la vanguardia, cuenta con sistemas digitales que permiten&#8230;<br \/><a class=\"read-more-button\" href=\"http:\/\/bioimageneslab.com\/wordpress\/radiografia\/\">Leer m\u00e1s<\/a><\/p>\n","protected":false},"author":1,"featured_media":0,"parent":0,"menu_order":0,"comment_status":"closed","ping_status":"closed","template":"","meta":{"footnotes":""},"class_list":["post-196","page","type-page","status-publish","hentry"],"_links":{"self":[{"href":"http:\/\/bioimageneslab.com\/wordpress\/wp-json\/wp\/v2\/pages\/196","targetHints":{"allow":["GET"]}}],"collection":[{"href":"http:\/\/bioimageneslab.com\/wordpress\/wp-json\/wp\/v2\/pages"}],"about":[{"href":"http:\/\/bioimageneslab.com\/wordpress\/wp-json\/wp\/v2\/types\/page"}],"author":[{"embeddable":true,"href":"http:\/\/bioimageneslab.com\/wordpress\/wp-json\/wp\/v2\/users\/1"}],"replies":[{"embeddable":true,"href":"http:\/\/bioimageneslab.com\/wordpress\/wp-json\/wp\/v2\/comments?post=196"}],"version-history":[{"count":4,"href":"http:\/\/bioimageneslab.com\/wordpress\/wp-json\/wp\/v2\/pages\/196\/revisions"}],"predecessor-version":[{"id":215,"href":"http:\/\/bioimageneslab.com\/wordpress\/wp-json\/wp\/v2\/pages\/196\/revisions\/215"}],"wp:attachment":[{"href":"http:\/\/bioimageneslab.com\/wordpress\/wp-json\/wp\/v2\/media?parent=196"}],"curies":[{"name":"wp","href":"https:\/\/api.w.org\/{rel}","templated":true}]}}