{"id":193,"date":"2015-09-10T08:11:28","date_gmt":"2015-09-10T14:11:28","guid":{"rendered":"http:\/\/bioimageneslab.com\/wordpress\/?page_id=193"},"modified":"2015-09-10T12:13:06","modified_gmt":"2015-09-10T18:13:06","slug":"tomografia","status":"publish","type":"page","link":"http:\/\/bioimageneslab.com\/wordpress\/tomografia\/","title":{"rendered":"TOMOGRAF\u00cdA"},"content":{"rendered":"<p style=\"text-align: center;\"><strong>Unidad de Tomograf\u00eda Computada<\/strong><\/p>\n<p style=\"text-align: justify;\">La Unidad de Tomograf\u00eda Computada del Servicio de Radiolog\u00eda permite realizar ex\u00e1menes de alta complejidad y especificidad.<\/p>\n<p style=\"text-align: center;\"><a href=\"http:\/\/bioimageneslab.com\/wordpress\/wp-content\/uploads\/2015\/09\/IMG_1562.jpg\"><img loading=\"lazy\" decoding=\"async\" class=\"alignnone  wp-image-217\" src=\"http:\/\/bioimageneslab.com\/wordpress\/wp-content\/uploads\/2015\/09\/IMG_1562.jpg\" alt=\"IMG_1562\" width=\"559\" height=\"419\" srcset=\"http:\/\/bioimageneslab.com\/wordpress\/wp-content\/uploads\/2015\/09\/IMG_1562.jpg 4000w, http:\/\/bioimageneslab.com\/wordpress\/wp-content\/uploads\/2015\/09\/IMG_1562-300x225.jpg 300w, http:\/\/bioimageneslab.com\/wordpress\/wp-content\/uploads\/2015\/09\/IMG_1562-1024x768.jpg 1024w, http:\/\/bioimageneslab.com\/wordpress\/wp-content\/uploads\/2015\/09\/IMG_1562-1170x878.jpg 1170w\" sizes=\"auto, (max-width: 559px) 100vw, 559px\" \/><\/a><\/p>\n<p style=\"text-align: justify;\">El Tom\u00f3grafo Multidetector utiliza Radiaci\u00f3n X para generar las im\u00e1genes. Un haz de Rayos X gira en torno al paciente, el cual es atenuado por los \u00f3rganos de la persona. El sistema de detectores recibe el haz atenuado, y en conjunto con el sistema computacional del equipo reconstruye m\u00faltiples im\u00e1genes denominadas \u201ccortes\u201d, que corresponden a un cierto nivel. Los equipos multicorte actuales generan una gran cantidad de im\u00e1genes, que son revisadas y procesadas posteriormente por nuestros profesionales. Estas adquisiciones muchas veces permiten hacer reconstrucciones en 3D de distintos planos. En ocasiones es necesario inyectar un medio de contraste intravenoso. Se divide en dos \u00e1reas: Tomograf\u00eda Computada y Angiotomograf\u00eda.<\/p>\n<p style=\"text-align: center;\"><a href=\"http:\/\/bioimageneslab.com\/wordpress\/wp-content\/uploads\/2015\/07\/Default_10.jpg\"><img loading=\"lazy\" decoding=\"async\" class=\"alignnone  wp-image-174\" src=\"http:\/\/bioimageneslab.com\/wordpress\/wp-content\/uploads\/2015\/07\/Default_10.jpg\" alt=\"Default_10\" width=\"377\" height=\"435\" srcset=\"http:\/\/bioimageneslab.com\/wordpress\/wp-content\/uploads\/2015\/07\/Default_10.jpg 512w, http:\/\/bioimageneslab.com\/wordpress\/wp-content\/uploads\/2015\/07\/Default_10-260x300.jpg 260w\" sizes=\"auto, (max-width: 377px) 100vw, 377px\" \/><\/a><\/p>\n<p>\u2022 Tomograf\u00eda Computada de Cerebro y Fosa Posterior<\/p>\n<p>\u2022 Tomograf\u00eda Computada de O\u00eddos<\/p>\n<p>\u2022 Tomograf\u00eda Computada Maxilofacial (CPN, Orbitas, etc)<\/p>\n<p>\u2022 Tomograf\u00eda Computada de Cuello<\/p>\n<p>\u2022 Tomograf\u00eda Computada de T\u00f3rax<\/p>\n<p>\u2022 Tomograf\u00eda Computada de Abdomen<\/p>\n<p>\u2022 Tomograf\u00eda Computada de Pelvis<\/p>\n<p>\u2022 Tomograf\u00eda Computada Osteoarticular<\/p>\n<p>\u2022 Tomograf\u00eda Computada de Columna<\/p>\n<p>\u2022 Pielotac<\/p>\n<p>\u2022 Angiotomograf\u00eda Computada<\/p>\n<p><img loading=\"lazy\" decoding=\"async\" class=\"  wp-image-175 aligncenter\" src=\"http:\/\/bioimageneslab.com\/wordpress\/wp-content\/uploads\/2015\/07\/Default_8.jpg\" alt=\"Default_8\" width=\"415\" height=\"478\" srcset=\"http:\/\/bioimageneslab.com\/wordpress\/wp-content\/uploads\/2015\/07\/Default_8.jpg 512w, http:\/\/bioimageneslab.com\/wordpress\/wp-content\/uploads\/2015\/07\/Default_8-260x300.jpg 260w\" sizes=\"auto, (max-width: 415px) 100vw, 415px\" \/><\/p>\n<p>\u2022 Angiotomograf\u00eda de Arterias Coronarias<\/p>\n<p>\u2022 Angiotomograf\u00eda de Arteria Pulmonar<\/p>\n<p>\u2022 Angiotomograf\u00eda de Aorta<\/p>\n<p>\u2022 Angiotomograf\u00eda de Vasos Abdominales<\/p>\n<p>\u2022 Angiotomograf\u00eda de Arterias Renales<\/p>\n<p>\u2022 Angiotomograf\u00eda de Cuello<\/p>\n<p>\u2022 Angiotomograf\u00eda de Extremidades<\/p>\n","protected":false},"excerpt":{"rendered":"<p>Unidad de Tomograf\u00eda Computada La Unidad de Tomograf\u00eda Computada del Servicio de Radiolog\u00eda permite realizar ex\u00e1menes de alta complejidad y especificidad. El Tom\u00f3grafo Multidetector utiliza Radiaci\u00f3n X para generar las im\u00e1genes. Un haz de Rayos X gira en torno al&#8230;<br \/><a class=\"read-more-button\" href=\"http:\/\/bioimageneslab.com\/wordpress\/tomografia\/\">Leer m\u00e1s<\/a><\/p>\n","protected":false},"author":1,"featured_media":0,"parent":0,"menu_order":0,"comment_status":"closed","ping_status":"closed","template":"","meta":{"footnotes":""},"class_list":["post-193","page","type-page","status-publish","hentry"],"_links":{"self":[{"href":"http:\/\/bioimageneslab.com\/wordpress\/wp-json\/wp\/v2\/pages\/193","targetHints":{"allow":["GET"]}}],"collection":[{"href":"http:\/\/bioimageneslab.com\/wordpress\/wp-json\/wp\/v2\/pages"}],"about":[{"href":"http:\/\/bioimageneslab.com\/wordpress\/wp-json\/wp\/v2\/types\/page"}],"author":[{"embeddable":true,"href":"http:\/\/bioimageneslab.com\/wordpress\/wp-json\/wp\/v2\/users\/1"}],"replies":[{"embeddable":true,"href":"http:\/\/bioimageneslab.com\/wordpress\/wp-json\/wp\/v2\/comments?post=193"}],"version-history":[{"count":5,"href":"http:\/\/bioimageneslab.com\/wordpress\/wp-json\/wp\/v2\/pages\/193\/revisions"}],"predecessor-version":[{"id":219,"href":"http:\/\/bioimageneslab.com\/wordpress\/wp-json\/wp\/v2\/pages\/193\/revisions\/219"}],"wp:attachment":[{"href":"http:\/\/bioimageneslab.com\/wordpress\/wp-json\/wp\/v2\/media?parent=193"}],"curies":[{"name":"wp","href":"https:\/\/api.w.org\/{rel}","templated":true}]}}