{"id":123,"date":"2015-08-19T12:23:53","date_gmt":"2015-08-19T18:23:53","guid":{"rendered":"http:\/\/bioimageneslab.com\/wordpress\/?page_id=123"},"modified":"2015-08-19T12:23:53","modified_gmt":"2015-08-19T18:23:53","slug":"toracocentesis","status":"publish","type":"page","link":"http:\/\/bioimageneslab.com\/wordpress\/toracocentesis\/","title":{"rendered":"TORACOCENTESIS"},"content":{"rendered":"<p style=\"text-align: justify;\">\n<p style=\"text-align: justify;\">Esta t\u00e9cnica permite la extracci\u00f3n de una acumulaci\u00f3n de l\u00edquido anormal o de aire en el espacio pleural por medio de un cat\u00e9ter o una aguja, introducidos percut\u00e1neamente en la cavidad tor\u00e1cica hasta el espacio pleural.<\/p>\n<p style=\"text-align: justify;\">La toracocentesis puede realizarse con fines terap\u00e9uticos o diagn\u00f3sticos. Se realiza con fines terap\u00e9uticos cuando la extracci\u00f3n de aire o l\u00edquido se hace a fin de disminuir la dificultad respiratoria producida por la compresi\u00f3n del pulm\u00f3n; es un procedimiento de emergencia ya que existe compromiso vital. La realizaci\u00f3n de la toracocentesis con fines diagn\u00f3sticos tiene como finalidad la obtenci\u00f3n de una muestra de l\u00edquido para su an\u00e1lisis bioqu\u00edmico y microbiol\u00f3gico. Con ello establecer\u00e1 el diagn\u00f3stico.<\/p>\n","protected":false},"excerpt":{"rendered":"<p>Esta t\u00e9cnica permite la extracci\u00f3n de una acumulaci\u00f3n de l\u00edquido anormal o de aire en el espacio pleural por medio de un cat\u00e9ter o una aguja, introducidos percut\u00e1neamente en la cavidad tor\u00e1cica hasta el espacio pleural. La toracocentesis puede realizarse&#8230;<br \/><a class=\"read-more-button\" href=\"http:\/\/bioimageneslab.com\/wordpress\/toracocentesis\/\">Leer m\u00e1s<\/a><\/p>\n","protected":false},"author":1,"featured_media":0,"parent":0,"menu_order":0,"comment_status":"closed","ping_status":"closed","template":"","meta":{"footnotes":""},"class_list":["post-123","page","type-page","status-publish","hentry"],"_links":{"self":[{"href":"http:\/\/bioimageneslab.com\/wordpress\/wp-json\/wp\/v2\/pages\/123","targetHints":{"allow":["GET"]}}],"collection":[{"href":"http:\/\/bioimageneslab.com\/wordpress\/wp-json\/wp\/v2\/pages"}],"about":[{"href":"http:\/\/bioimageneslab.com\/wordpress\/wp-json\/wp\/v2\/types\/page"}],"author":[{"embeddable":true,"href":"http:\/\/bioimageneslab.com\/wordpress\/wp-json\/wp\/v2\/users\/1"}],"replies":[{"embeddable":true,"href":"http:\/\/bioimageneslab.com\/wordpress\/wp-json\/wp\/v2\/comments?post=123"}],"version-history":[{"count":1,"href":"http:\/\/bioimageneslab.com\/wordpress\/wp-json\/wp\/v2\/pages\/123\/revisions"}],"predecessor-version":[{"id":124,"href":"http:\/\/bioimageneslab.com\/wordpress\/wp-json\/wp\/v2\/pages\/123\/revisions\/124"}],"wp:attachment":[{"href":"http:\/\/bioimageneslab.com\/wordpress\/wp-json\/wp\/v2\/media?parent=123"}],"curies":[{"name":"wp","href":"https:\/\/api.w.org\/{rel}","templated":true}]}}