{"id":120,"date":"2015-08-19T12:14:24","date_gmt":"2015-08-19T18:14:24","guid":{"rendered":"http:\/\/bioimageneslab.com\/wordpress\/?page_id=120"},"modified":"2015-08-19T12:17:22","modified_gmt":"2015-08-19T18:17:22","slug":"paracentesis","status":"publish","type":"page","link":"http:\/\/bioimageneslab.com\/wordpress\/paracentesis\/","title":{"rendered":"PARACENTESIS"},"content":{"rendered":"<p style=\"text-align: justify;\">Este procedimiento consiste en la extracci\u00f3n de l\u00edquido del abdomen mediante la inserci\u00f3n de una aguja a trav\u00e9s de la piel con fines diagn\u00f3sticos o terap\u00e9uticos. En varias afecciones, se acumula una gran cantidad de l\u00edquido en la cavidad abdominal.<\/p>\n<p style=\"text-align: justify;\">Puede ser un elemento de diagn\u00f3stico al ayudar a identificar la causa de la ascitis o puede emplearse como medida terap\u00e9utica en caso de que se pueda extraer una gran cantidad de l\u00edquido para disminuir la molestia y mejorar la respiraci\u00f3n.<\/p>\n","protected":false},"excerpt":{"rendered":"<p>Este procedimiento consiste en la extracci\u00f3n de l\u00edquido del abdomen mediante la inserci\u00f3n de una aguja a trav\u00e9s de la piel con fines diagn\u00f3sticos o terap\u00e9uticos. En varias afecciones, se acumula una gran cantidad de l\u00edquido en la cavidad abdominal&#8230;.<br \/><a class=\"read-more-button\" href=\"http:\/\/bioimageneslab.com\/wordpress\/paracentesis\/\">Leer m\u00e1s<\/a><\/p>\n","protected":false},"author":1,"featured_media":0,"parent":0,"menu_order":0,"comment_status":"closed","ping_status":"closed","template":"","meta":{"footnotes":""},"class_list":["post-120","page","type-page","status-publish","hentry"],"_links":{"self":[{"href":"http:\/\/bioimageneslab.com\/wordpress\/wp-json\/wp\/v2\/pages\/120","targetHints":{"allow":["GET"]}}],"collection":[{"href":"http:\/\/bioimageneslab.com\/wordpress\/wp-json\/wp\/v2\/pages"}],"about":[{"href":"http:\/\/bioimageneslab.com\/wordpress\/wp-json\/wp\/v2\/types\/page"}],"author":[{"embeddable":true,"href":"http:\/\/bioimageneslab.com\/wordpress\/wp-json\/wp\/v2\/users\/1"}],"replies":[{"embeddable":true,"href":"http:\/\/bioimageneslab.com\/wordpress\/wp-json\/wp\/v2\/comments?post=120"}],"version-history":[{"count":2,"href":"http:\/\/bioimageneslab.com\/wordpress\/wp-json\/wp\/v2\/pages\/120\/revisions"}],"predecessor-version":[{"id":122,"href":"http:\/\/bioimageneslab.com\/wordpress\/wp-json\/wp\/v2\/pages\/120\/revisions\/122"}],"wp:attachment":[{"href":"http:\/\/bioimageneslab.com\/wordpress\/wp-json\/wp\/v2\/media?parent=120"}],"curies":[{"name":"wp","href":"https:\/\/api.w.org\/{rel}","templated":true}]}}