{"id":116,"date":"2015-08-19T11:55:11","date_gmt":"2015-08-19T17:55:11","guid":{"rendered":"http:\/\/bioimageneslab.com\/wordpress\/?page_id=116"},"modified":"2015-08-19T11:55:24","modified_gmt":"2015-08-19T17:55:24","slug":"nefrostomias","status":"publish","type":"page","link":"http:\/\/bioimageneslab.com\/wordpress\/nefrostomias\/","title":{"rendered":"NEFROSTOM\u00cdAS"},"content":{"rendered":"<p style=\"text-align: center;\"><strong>MODALIDADES T\u00c9CNICAS DE NEFROSTOM\u00cdA PERCUT\u00c1NEA<\/strong><\/p>\n<p style=\"text-align: left;\">T\u00c9CNICA DE SELDINGER DE PUNCI\u00d3N \u00daNICA<\/p>\n<p style=\"text-align: left;\">Consiste en acceder hasta las cavidades renales con una aguja muy fina, con poco da\u00f1o potencial para el par\u00e9nquima renal.<\/p>\n<p style=\"text-align: left;\">T\u00c9CNICA DE PUNCI\u00d3N TROCAR<\/p>\n<p style=\"text-align: left;\">El sitio de punci\u00f3n debe ser lateral, con el fin de abordar el ri\u00f1\u00f3n lo m\u00e1s pr\u00f3ximo\u00a0posible a la l\u00ednea Bro\u00f6der, evitando as\u00ed lesiones.<\/p>\n","protected":false},"excerpt":{"rendered":"<p>MODALIDADES T\u00c9CNICAS DE NEFROSTOM\u00cdA PERCUT\u00c1NEA T\u00c9CNICA DE SELDINGER DE PUNCI\u00d3N \u00daNICA Consiste en acceder hasta las cavidades renales con una aguja muy fina, con poco da\u00f1o potencial para el par\u00e9nquima renal. T\u00c9CNICA DE PUNCI\u00d3N TROCAR El sitio de punci\u00f3n debe&#8230;<br \/><a class=\"read-more-button\" href=\"http:\/\/bioimageneslab.com\/wordpress\/nefrostomias\/\">Leer m\u00e1s<\/a><\/p>\n","protected":false},"author":1,"featured_media":0,"parent":0,"menu_order":0,"comment_status":"closed","ping_status":"closed","template":"","meta":{"footnotes":""},"class_list":["post-116","page","type-page","status-publish","hentry"],"_links":{"self":[{"href":"http:\/\/bioimageneslab.com\/wordpress\/wp-json\/wp\/v2\/pages\/116","targetHints":{"allow":["GET"]}}],"collection":[{"href":"http:\/\/bioimageneslab.com\/wordpress\/wp-json\/wp\/v2\/pages"}],"about":[{"href":"http:\/\/bioimageneslab.com\/wordpress\/wp-json\/wp\/v2\/types\/page"}],"author":[{"embeddable":true,"href":"http:\/\/bioimageneslab.com\/wordpress\/wp-json\/wp\/v2\/users\/1"}],"replies":[{"embeddable":true,"href":"http:\/\/bioimageneslab.com\/wordpress\/wp-json\/wp\/v2\/comments?post=116"}],"version-history":[{"count":2,"href":"http:\/\/bioimageneslab.com\/wordpress\/wp-json\/wp\/v2\/pages\/116\/revisions"}],"predecessor-version":[{"id":118,"href":"http:\/\/bioimageneslab.com\/wordpress\/wp-json\/wp\/v2\/pages\/116\/revisions\/118"}],"wp:attachment":[{"href":"http:\/\/bioimageneslab.com\/wordpress\/wp-json\/wp\/v2\/media?parent=116"}],"curies":[{"name":"wp","href":"https:\/\/api.w.org\/{rel}","templated":true}]}}