{"id":113,"date":"2015-08-19T11:19:00","date_gmt":"2015-08-19T17:19:00","guid":{"rendered":"http:\/\/bioimageneslab.com\/wordpress\/?page_id=113"},"modified":"2015-08-19T11:19:00","modified_gmt":"2015-08-19T17:19:00","slug":"drenajes","status":"publish","type":"page","link":"http:\/\/bioimageneslab.com\/wordpress\/drenajes\/","title":{"rendered":"DRENAJES"},"content":{"rendered":"<p style=\"text-align: center;\"><strong>DRENAJE DE COLECCIONES<\/strong><\/p>\n<p style=\"text-align: justify;\">Constituye un m\u00e9todo de curaci\u00f3n, se\u00a0usa tambi\u00e9n en el tratamiento de colecciones l\u00edquidas, infectadas o no, en cualquier parte del cuerpo.<\/p>\n<p style=\"text-align: justify;\">Se realiza drenajes en:<\/p>\n<p style=\"text-align: justify;\">Abscesos.<\/p>\n<p style=\"text-align: justify;\">Hematomas.<\/p>\n<p style=\"text-align: justify;\">Seudoquistes.<\/p>\n<p style=\"text-align: justify;\">Otras colecciones: Bilomas, Seromas.<\/p>\n<p style=\"text-align: justify;\"><strong>M\u00c9TODOS<\/strong><\/p>\n<p style=\"text-align: justify;\"><strong>Aspiraci\u00f3n con aguja:<\/strong> Aspirando colecciones mediante una punci\u00f3n directa con una aguja de calibre grueso. Puede ser suficiente en colecciones de peque\u00f1o tama\u00f1o.<\/p>\n<p style=\"text-align: justify;\"><strong>Colocaci\u00f3n de cat\u00e9teres de drenaje:<\/strong> Son tubos de pl\u00e1stico con varios agujeros en su porci\u00f3n distal que permiten la salida de l\u00edquido a trav\u00e9s de ellos. El cat\u00e9ter se introduce \u00a0en la colecci\u00f3n y su extremo opuesto se fija a la piel y se conecta a una bolsa o colector para recoger el l\u00edquido drenado.<\/p>\n<p style=\"text-align: justify;\">\n","protected":false},"excerpt":{"rendered":"<p>DRENAJE DE COLECCIONES Constituye un m\u00e9todo de curaci\u00f3n, se\u00a0usa tambi\u00e9n en el tratamiento de colecciones l\u00edquidas, infectadas o no, en cualquier parte del cuerpo. Se realiza drenajes en: Abscesos. Hematomas. Seudoquistes. Otras colecciones: Bilomas, Seromas. M\u00c9TODOS Aspiraci\u00f3n con aguja: Aspirando&#8230;<br \/><a class=\"read-more-button\" href=\"http:\/\/bioimageneslab.com\/wordpress\/drenajes\/\">Leer m\u00e1s<\/a><\/p>\n","protected":false},"author":1,"featured_media":0,"parent":0,"menu_order":0,"comment_status":"closed","ping_status":"closed","template":"","meta":{"footnotes":""},"class_list":["post-113","page","type-page","status-publish","hentry"],"_links":{"self":[{"href":"http:\/\/bioimageneslab.com\/wordpress\/wp-json\/wp\/v2\/pages\/113","targetHints":{"allow":["GET"]}}],"collection":[{"href":"http:\/\/bioimageneslab.com\/wordpress\/wp-json\/wp\/v2\/pages"}],"about":[{"href":"http:\/\/bioimageneslab.com\/wordpress\/wp-json\/wp\/v2\/types\/page"}],"author":[{"embeddable":true,"href":"http:\/\/bioimageneslab.com\/wordpress\/wp-json\/wp\/v2\/users\/1"}],"replies":[{"embeddable":true,"href":"http:\/\/bioimageneslab.com\/wordpress\/wp-json\/wp\/v2\/comments?post=113"}],"version-history":[{"count":1,"href":"http:\/\/bioimageneslab.com\/wordpress\/wp-json\/wp\/v2\/pages\/113\/revisions"}],"predecessor-version":[{"id":114,"href":"http:\/\/bioimageneslab.com\/wordpress\/wp-json\/wp\/v2\/pages\/113\/revisions\/114"}],"wp:attachment":[{"href":"http:\/\/bioimageneslab.com\/wordpress\/wp-json\/wp\/v2\/media?parent=113"}],"curies":[{"name":"wp","href":"https:\/\/api.w.org\/{rel}","templated":true}]}}