{"id":107,"date":"2015-08-19T10:55:17","date_gmt":"2015-08-19T16:55:17","guid":{"rendered":"http:\/\/bioimageneslab.com\/wordpress\/?page_id=107"},"modified":"2015-08-19T11:01:14","modified_gmt":"2015-08-19T17:01:14","slug":"biopsias","status":"publish","type":"page","link":"http:\/\/bioimageneslab.com\/wordpress\/biopsias\/","title":{"rendered":"BIOPSIAS"},"content":{"rendered":"<p style=\"text-align: center;\">\n<p style=\"text-align: center;\"><strong>BIOPSIAS DIRIGIDAS POR ULTRASONIDO O TOMOGRAF\u00cdA<\/strong><\/p>\n<p style=\"text-align: center;\">\n<p style=\"text-align: justify;\">Una biopsia es la extracci\u00f3n de tejido de alguna parte del cuerpo, para examinar la presencia de una enfermedad. En algunos casos se extirpa una peque\u00f1a muestra de tejido con aguja, mientras que en otros se extrae un n\u00f3dulo o bulto sospechoso.<\/p>\n<p style=\"text-align: justify;\">\n<p style=\"text-align: justify;\"><strong>BIOPSIA CORE DE MAMA: <\/strong>Una biopsia de seno guiada por ultrasonido utiliza ondas sonoras para ayudar a localizar una anormalidad y extraer una muestra de tejido para examinarla bajo microscopio y determinar si el crecimiento es benigno o maligno.<\/p>\n<p style=\"text-align: justify;\">\n<p style=\"text-align: justify;\"><strong>BIOPSIA PROST\u00c1TICA: <\/strong>Se realiza para\u00a0obtener muestras de tejido de la gl\u00e1ndula prost\u00e1tica, que son evaluadas por un pat\u00f3logo para determinar si el tejido es canceroso.<\/p>\n<p style=\"text-align: justify;\">M\u00c9TODOS:<\/p>\n<p style=\"text-align: justify;\">TRANSRECTAL<\/p>\n<p style=\"text-align: justify;\">Se introduce una aguja especial para biopsia dentro de la gl\u00e1ndula prost\u00e1tica, para extraer varias muestras peque\u00f1as de tejido para su an\u00e1lisis patol\u00f3gico.<\/p>\n<p style=\"text-align: justify;\">TRANSPERINEAL<\/p>\n<p style=\"text-align: justify;\">Se puede acceder a la pr\u00f3stata a trav\u00e9s del perineo, para obtener muestras.<\/p>\n<p style=\"text-align: justify;\">\n<p style=\"text-align: justify;\"><strong>BIOPSIA RENAL:<\/strong> Es la extracci\u00f3n de un fragmento de tejido del ri\u00f1\u00f3n para su an\u00e1lisis en el laboratorio.<\/p>\n<p style=\"text-align: justify;\">El procedimiento se realiza con anestesia local.<\/p>\n<p style=\"text-align: justify;\">\n<p style=\"text-align: justify;\"><strong>BIOPSIA TRUCUT PARTES BLANDAS: <\/strong>Biopsia cerrada en la que se obtiene un segmento del tumor mediante unos trocares especiales dise\u00f1ados al efecto.<\/p>\n<p style=\"text-align: justify;\">Se realiza en cualquier tumor primario o secundario de partes blandas siempre que este sea palpable.<\/p>\n<p style=\"text-align: justify;\">La elecci\u00f3n del punto de punci\u00f3n debe ser estudiando meticulosamente, ya que \u00e9ste junto con la trayectoria del TRUCUT debe ser extirpado junto con la tumoraci\u00f3n en el momento de la cirug\u00eda.<\/p>\n<p style=\"text-align: justify;\">\n<p style=\"text-align: justify;\"><strong>BIOPSIA DE ABDOMEN: <\/strong>Se puede intervenir el h\u00edgado, ri\u00f1\u00f3n, bazo, mesenterio, peritoneo, retroperitoneo, adenopat\u00edas, ovario, p\u00e1ncreas.<\/p>\n<p style=\"text-align: justify;\">\n<p style=\"text-align: justify;\"><strong>BIOPSIA DE T\u00d3RAX: <\/strong>Se puede intervenir la pared costal, pleura, n\u00f3dulos pulmonares perif\u00e9ricos.<\/p>\n","protected":false},"excerpt":{"rendered":"<p>BIOPSIAS DIRIGIDAS POR ULTRASONIDO O TOMOGRAF\u00cdA Una biopsia es la extracci\u00f3n de tejido de alguna parte del cuerpo, para examinar la presencia de una enfermedad. En algunos casos se extirpa una peque\u00f1a muestra de tejido con aguja, mientras que en&#8230;<br \/><a class=\"read-more-button\" href=\"http:\/\/bioimageneslab.com\/wordpress\/biopsias\/\">Leer m\u00e1s<\/a><\/p>\n","protected":false},"author":1,"featured_media":0,"parent":0,"menu_order":0,"comment_status":"closed","ping_status":"closed","template":"","meta":{"footnotes":""},"class_list":["post-107","page","type-page","status-publish","hentry"],"_links":{"self":[{"href":"http:\/\/bioimageneslab.com\/wordpress\/wp-json\/wp\/v2\/pages\/107","targetHints":{"allow":["GET"]}}],"collection":[{"href":"http:\/\/bioimageneslab.com\/wordpress\/wp-json\/wp\/v2\/pages"}],"about":[{"href":"http:\/\/bioimageneslab.com\/wordpress\/wp-json\/wp\/v2\/types\/page"}],"author":[{"embeddable":true,"href":"http:\/\/bioimageneslab.com\/wordpress\/wp-json\/wp\/v2\/users\/1"}],"replies":[{"embeddable":true,"href":"http:\/\/bioimageneslab.com\/wordpress\/wp-json\/wp\/v2\/comments?post=107"}],"version-history":[{"count":4,"href":"http:\/\/bioimageneslab.com\/wordpress\/wp-json\/wp\/v2\/pages\/107\/revisions"}],"predecessor-version":[{"id":112,"href":"http:\/\/bioimageneslab.com\/wordpress\/wp-json\/wp\/v2\/pages\/107\/revisions\/112"}],"wp:attachment":[{"href":"http:\/\/bioimageneslab.com\/wordpress\/wp-json\/wp\/v2\/media?parent=107"}],"curies":[{"name":"wp","href":"https:\/\/api.w.org\/{rel}","templated":true}]}}